{"id":69,"date":"2017-05-10T03:20:40","date_gmt":"2017-05-10T01:20:40","guid":{"rendered":"http:\/\/tierimjudentum.de\/?page_id=69"},"modified":"2017-05-10T03:20:40","modified_gmt":"2017-05-10T01:20:40","slug":"wissen-sie-eigentlich","status":"publish","type":"page","link":"https:\/\/tierimjudentum.de\/?page_id=69","title":{"rendered":"Wissen Sie eigentlich, \u2026 ?"},"content":{"rendered":"<div class=\"entry-content\">\n<p>\u2026 da\u00df die Tora, das Grundlagenwerk des Volkes Israel die vermutlich \u00e4lteste Tierrechtslehre der Welt enth\u00e4lt?<\/p>\n<p>\u2026 da\u00df die j\u00fcdische Schlachtmethode (Schechita) entwickelt wurde, um Qu\u00e4lereien und Grausamkeit beim Schlachten von Tieren zu verhindern?<\/p>\n<p>\u2026 da\u00df die Sch\u00f6pfungsgeschichten \u2013 Grundlage der monotheistischen Glaubenslehren \u2013 der Menschheit eine\u00a0 vegane, aus Pflanzen, Fr\u00fcchten, N\u00fcssen und K\u00f6rnern bestehende Ern\u00e4hrungsweise empfiehlt?<\/p>\n<p>\u2026 da\u00df Freundlichkeit und Gerechtigkeit bei der Behandlung von Tieren ein zentraler Bestandteil der\u00a0 j\u00fcdischen Ethik ist?<\/p>\n<p>Diese Webseite will Ihnen einige Grundlagen der j\u00fcdischen Tierrechtslehre vorstellen.\u00a0 Im Archiv finden Sie Artikel und Literaturempfehlungen, die Ihnen auch eine intensivere Besch\u00e4ftigung mit \u201eTier im Judentum\u201c erm\u00f6glicht.<\/p>\n<p>&nbsp;<\/p>\n<\/div>\n","protected":false},"excerpt":{"rendered":"<p>\u2026 da\u00df die Tora, das Grundlagenwerk des Volkes Israel die vermutlich \u00e4lteste Tierrechtslehre der Welt enth\u00e4lt? \u2026 da\u00df die j\u00fcdische Schlachtmethode (Schechita) entwickelt wurde, um Qu\u00e4lereien und Grausamkeit beim Schlachten von Tieren zu verhindern? \u2026 da\u00df die Sch\u00f6pfungsgeschichten \u2013 Grundlage der monotheistischen Glaubenslehren \u2013 der Menschheit eine\u00a0 vegane, aus Pflanzen, Fr\u00fcchten, N\u00fcssen und K\u00f6rnern bestehende &hellip; <a href=\"https:\/\/tierimjudentum.de\/?page_id=69\" class=\"more-link\"><span class=\"screen-reader-text\">Wissen Sie eigentlich, \u2026 ?<\/span> weiterlesen<\/a><\/p>\n","protected":false},"author":1,"featured_media":27,"parent":0,"menu_order":0,"comment_status":"closed","ping_status":"closed","template":"","meta":[],"_links":{"self":[{"href":"https:\/\/tierimjudentum.de\/index.php?rest_route=\/wp\/v2\/pages\/69"}],"collection":[{"href":"https:\/\/tierimjudentum.de\/index.php?rest_route=\/wp\/v2\/pages"}],"about":[{"href":"https:\/\/tierimjudentum.de\/index.php?rest_route=\/wp\/v2\/types\/page"}],"author":[{"embeddable":true,"href":"https:\/\/tierimjudentum.de\/index.php?rest_route=\/wp\/v2\/users\/1"}],"replies":[{"embeddable":true,"href":"https:\/\/tierimjudentum.de\/index.php?rest_route=%2Fwp%2Fv2%2Fcomments&post=69"}],"version-history":[{"count":1,"href":"https:\/\/tierimjudentum.de\/index.php?rest_route=\/wp\/v2\/pages\/69\/revisions"}],"predecessor-version":[{"id":70,"href":"https:\/\/tierimjudentum.de\/index.php?rest_route=\/wp\/v2\/pages\/69\/revisions\/70"}],"wp:featuredmedia":[{"embeddable":true,"href":"https:\/\/tierimjudentum.de\/index.php?rest_route=\/wp\/v2\/media\/27"}],"wp:attachment":[{"href":"https:\/\/tierimjudentum.de\/index.php?rest_route=%2Fwp%2Fv2%2Fmedia&parent=69"}],"curies":[{"name":"wp","href":"https:\/\/api.w.org\/{rel}","templated":true}]}}