{"id":156,"date":"2019-09-04T05:09:51","date_gmt":"2019-09-04T03:09:51","guid":{"rendered":"http:\/\/tierimjudentum.de\/?page_id=156"},"modified":"2019-09-04T06:14:27","modified_gmt":"2019-09-04T04:14:27","slug":"internationale-auszeichnung-fuer-die-initiative-juedischer-tierschutz","status":"publish","type":"page","link":"https:\/\/tierimjudentum.de\/?page_id=156","title":{"rendered":"Internationale Auszeichnung f\u00fcr die Initiative J\u00fcdischer Tierschutz !"},"content":{"rendered":"<p style=\"text-align: center;\">Wer sich in Deutschland\u00a0 f\u00fcr J\u00fcdischen Tierschutz engagiert, hat es nicht leicht. Wenn nicht gerade eine\u00a0 &#8222;Sch\u00e4chtexpertin&#8220; gesucht wird, die den Mund aufmacht, weil sie nichts (mehr) zu verlieren hat, ist der j\u00fcdische Tiersch\u00fctzer eher eine Art <em>enfant terrible<\/em> &#8211; und dies ist die freundliche Variante.<\/p>\n<p style=\"text-align: center;\">Geschichtlich problematisch, politisch fragw\u00fcrdig, pers\u00f6nlich ein Graus und aus j\u00fcdischer Sicht so gar nicht nachvollziehbar.<\/p>\n<p>Umso gr\u00f6\u00dfer die Freude, da\u00df sich ein internationales Magazin dieser J\u00fcdischen Tierschutz-Initiative in Deutschland angenommen hat, und uns einen AWARD verlieh.<\/p>\n<p>Ein HERZLICHES DANKE,<\/p>\n<p>THANK YOU SO MUCH, DEAR LUXLIFE TEAM!<\/p>\n<p><a href=\"https:\/\/www.lux-review.com\/winners\/initiative-judischer-tierschutz-non-profit-charitable-organization\/\">https:\/\/www.lux-review.com\/winners\/initiative-judischer-tierschutz-non-profit-charitable-organization\/<\/a><\/p>\n","protected":false},"excerpt":{"rendered":"<p>Wer sich in Deutschland\u00a0 f\u00fcr J\u00fcdischen Tierschutz engagiert, hat es nicht leicht. Wenn nicht gerade eine\u00a0 &#8222;Sch\u00e4chtexpertin&#8220; gesucht wird, die den Mund aufmacht, weil sie nichts (mehr) zu verlieren hat, ist der j\u00fcdische Tiersch\u00fctzer eher eine Art enfant terrible &#8211; und dies ist die freundliche Variante. Geschichtlich problematisch, politisch fragw\u00fcrdig, pers\u00f6nlich ein Graus und aus &hellip; <a href=\"https:\/\/tierimjudentum.de\/?page_id=156\" class=\"more-link\"><span class=\"screen-reader-text\">Internationale Auszeichnung f\u00fcr die Initiative J\u00fcdischer Tierschutz !<\/span> weiterlesen<\/a><\/p>\n","protected":false},"author":1,"featured_media":0,"parent":0,"menu_order":0,"comment_status":"closed","ping_status":"closed","template":"","meta":[],"_links":{"self":[{"href":"https:\/\/tierimjudentum.de\/index.php?rest_route=\/wp\/v2\/pages\/156"}],"collection":[{"href":"https:\/\/tierimjudentum.de\/index.php?rest_route=\/wp\/v2\/pages"}],"about":[{"href":"https:\/\/tierimjudentum.de\/index.php?rest_route=\/wp\/v2\/types\/page"}],"author":[{"embeddable":true,"href":"https:\/\/tierimjudentum.de\/index.php?rest_route=\/wp\/v2\/users\/1"}],"replies":[{"embeddable":true,"href":"https:\/\/tierimjudentum.de\/index.php?rest_route=%2Fwp%2Fv2%2Fcomments&post=156"}],"version-history":[{"count":6,"href":"https:\/\/tierimjudentum.de\/index.php?rest_route=\/wp\/v2\/pages\/156\/revisions"}],"predecessor-version":[{"id":173,"href":"https:\/\/tierimjudentum.de\/index.php?rest_route=\/wp\/v2\/pages\/156\/revisions\/173"}],"wp:attachment":[{"href":"https:\/\/tierimjudentum.de\/index.php?rest_route=%2Fwp%2Fv2%2Fmedia&parent=156"}],"curies":[{"name":"wp","href":"https:\/\/api.w.org\/{rel}","templated":true}]}}