{"id":139,"date":"2017-05-18T01:59:13","date_gmt":"2017-05-17T23:59:13","guid":{"rendered":"http:\/\/tierimjudentum.de\/?page_id=139"},"modified":"2023-03-29T03:08:46","modified_gmt":"2023-03-29T01:08:46","slug":"impressum","status":"publish","type":"page","link":"https:\/\/tierimjudentum.de\/?page_id=139","title":{"rendered":"IMPRESSUM"},"content":{"rendered":"<header class=\"entry-header\">\n<h1 class=\"entry-title\">Impressum<\/h1>\n<\/header>\n<div class=\"entry-content\">\n<p>Verantwortlich f\u00fcr Text und Gestaltung:<\/p>\n<p>Dr. Hanna Rheinz<\/p>\n<p>Disclaimer &amp; Haftungsausschlu\u00df<\/p>\n<p>Das Copyright liegt bei der Verfasserin des Inhalts der Webseite. F\u00fcr externe Links und Verlinkungen \u00fcbernehme ich keine Haftung. Ebensowenig f\u00fcr Sch\u00e4den, die daraus eventuell entstehen k\u00f6nnten.<\/p>\n<p>Adresse: Kl.Wegf.7 D-21756 Osten<\/p>\n<\/div>\n","protected":false},"excerpt":{"rendered":"<p>Impressum Verantwortlich f\u00fcr Text und Gestaltung: Dr. Hanna Rheinz Disclaimer &amp; Haftungsausschlu\u00df Das Copyright liegt bei der Verfasserin des Inhalts der Webseite. F\u00fcr externe Links und Verlinkungen \u00fcbernehme ich keine Haftung. Ebensowenig f\u00fcr Sch\u00e4den, die daraus eventuell entstehen k\u00f6nnten. Adresse: Kl.Wegf.7 D-21756 Osten<\/p>\n","protected":false},"author":1,"featured_media":0,"parent":0,"menu_order":0,"comment_status":"closed","ping_status":"closed","template":"","meta":[],"_links":{"self":[{"href":"https:\/\/tierimjudentum.de\/index.php?rest_route=\/wp\/v2\/pages\/139"}],"collection":[{"href":"https:\/\/tierimjudentum.de\/index.php?rest_route=\/wp\/v2\/pages"}],"about":[{"href":"https:\/\/tierimjudentum.de\/index.php?rest_route=\/wp\/v2\/types\/page"}],"author":[{"embeddable":true,"href":"https:\/\/tierimjudentum.de\/index.php?rest_route=\/wp\/v2\/users\/1"}],"replies":[{"embeddable":true,"href":"https:\/\/tierimjudentum.de\/index.php?rest_route=%2Fwp%2Fv2%2Fcomments&post=139"}],"version-history":[{"count":2,"href":"https:\/\/tierimjudentum.de\/index.php?rest_route=\/wp\/v2\/pages\/139\/revisions"}],"predecessor-version":[{"id":236,"href":"https:\/\/tierimjudentum.de\/index.php?rest_route=\/wp\/v2\/pages\/139\/revisions\/236"}],"wp:attachment":[{"href":"https:\/\/tierimjudentum.de\/index.php?rest_route=%2Fwp%2Fv2%2Fmedia&parent=139"}],"curies":[{"name":"wp","href":"https:\/\/api.w.org\/{rel}","templated":true}]}}