{"id":132,"date":"2017-05-18T01:55:33","date_gmt":"2017-05-17T23:55:33","guid":{"rendered":"http:\/\/tierimjudentum.de\/?page_id=132"},"modified":"2017-05-18T01:55:33","modified_gmt":"2017-05-17T23:55:33","slug":"ueber","status":"publish","type":"page","link":"https:\/\/tierimjudentum.de\/?page_id=132","title":{"rendered":"\u00dcBER"},"content":{"rendered":"<pre>Hanna Rheinz, Promovierte Psychologin,  Magister der Kulturwissenschaften, Buchautorin, K\u00fcnstlerin, Publizistin, hat die Mensch-Tier-Bindung zum Mittelpunkt ihres intellektuellen und k\u00fcnstlerischen Schaffens sowie ihres Lebensalltags gemacht. In zahlreichen B\u00fcchern, Bildern, Essays, Artikeln hat sie  die vielen Facetten der Mensch-Tier-Beziehung analysiert und dargestellt.<\/pre>\n","protected":false},"excerpt":{"rendered":"<p>Hanna Rheinz, Promovierte Psychologin, Magister der Kulturwissenschaften, Buchautorin, K\u00fcnstlerin, Publizistin, hat die Mensch-Tier-Bindung zum Mittelpunkt ihres intellektuellen und k\u00fcnstlerischen Schaffens sowie ihres Lebensalltags gemacht. In zahlreichen B\u00fcchern, Bildern, Essays, Artikeln hat sie die vielen Facetten der Mensch-Tier-Beziehung analysiert und dargestellt.<\/p>\n","protected":false},"author":1,"featured_media":0,"parent":0,"menu_order":0,"comment_status":"closed","ping_status":"closed","template":"","meta":[],"_links":{"self":[{"href":"https:\/\/tierimjudentum.de\/index.php?rest_route=\/wp\/v2\/pages\/132"}],"collection":[{"href":"https:\/\/tierimjudentum.de\/index.php?rest_route=\/wp\/v2\/pages"}],"about":[{"href":"https:\/\/tierimjudentum.de\/index.php?rest_route=\/wp\/v2\/types\/page"}],"author":[{"embeddable":true,"href":"https:\/\/tierimjudentum.de\/index.php?rest_route=\/wp\/v2\/users\/1"}],"replies":[{"embeddable":true,"href":"https:\/\/tierimjudentum.de\/index.php?rest_route=%2Fwp%2Fv2%2Fcomments&post=132"}],"version-history":[{"count":1,"href":"https:\/\/tierimjudentum.de\/index.php?rest_route=\/wp\/v2\/pages\/132\/revisions"}],"predecessor-version":[{"id":133,"href":"https:\/\/tierimjudentum.de\/index.php?rest_route=\/wp\/v2\/pages\/132\/revisions\/133"}],"wp:attachment":[{"href":"https:\/\/tierimjudentum.de\/index.php?rest_route=%2Fwp%2Fv2%2Fmedia&parent=132"}],"curies":[{"name":"wp","href":"https:\/\/api.w.org\/{rel}","templated":true}]}}